{"id":22503,"date":"2026-01-02T19:10:41","date_gmt":"2026-01-02T18:10:41","guid":{"rendered":"http:\/\/sklep.jmd24.pl\/?post_type=product&#038;p=22503"},"modified":"2026-01-02T19:25:44","modified_gmt":"2026-01-02T18:25:44","slug":"flex-2k-hydroizolacja-cementowa-dwu-komponentowa-16kg","status":"publish","type":"product","link":"https:\/\/sklep.jmd24.pl\/index.php\/produkt\/flex-2k-hydroizolacja-cementowa-dwu-komponentowa-16kg\/","title":{"rendered":"Flex 2k hydroizolacja cementowa dwu komponentowa 16kg (12 kg + 4 kg)"},"content":{"rendered":"<p><img fetchpriority=\"high\" decoding=\"async\" class=\"size-medium wp-image-22508 alignleft\" src=\"http:\/\/sklep.jmd24.pl\/wp-content\/uploads\/2026\/01\/481466126_1186139910181367_5557591622205422997_n-300x300.jpg\" alt=\"\" width=\"300\" height=\"300\" srcset=\"https:\/\/sklep.jmd24.pl\/wp-content\/uploads\/2026\/01\/481466126_1186139910181367_5557591622205422997_n-300x300.jpg 300w, https:\/\/sklep.jmd24.pl\/wp-content\/uploads\/2026\/01\/481466126_1186139910181367_5557591622205422997_n-150x150.jpg 150w, https:\/\/sklep.jmd24.pl\/wp-content\/uploads\/2026\/01\/481466126_1186139910181367_5557591622205422997_n-100x100.jpg 100w, https:\/\/sklep.jmd24.pl\/wp-content\/uploads\/2026\/01\/481466126_1186139910181367_5557591622205422997_n.jpg 526w\" sizes=\"(max-width: 300px) 100vw, 300px\" \/><\/p>\n<p>&nbsp;<\/p>\n<p>Hydroizolacyjna zaprawa cementowa dwusk\u0142adnikowa, elastyczna, wzmocniona w\u0142\u00f3knami do wykonywania elastycznych izolacji wodoszczelnych, hydroizolacji balkon\u00f3w i taras\u00f3w oraz ochronnego szpachlowania pod\u0142o\u017cy betonowych. Elastyczna cienkowarstwowa izolacja wodoszczelna naziemnych i podziemnych pod\u0142o\u017cy cementowych i murowanych z ceg\u0142y<br \/>\nIzolacja wodoszczeln<span style=\"font-size: 1rem;\">a sp\u0119kanych konstrukcji betonowych wanien, basen\u00f3w i zbiornik\u00f3w wody. Elastyczna izolacja wodoszczelna podp\u0142ytkowa basen\u00f3w, balkon\u00f3w i taras\u00f3w \u015bredniej i du\u017cej wielko\u015bci.\u00a0\u00a0Do stosowania na zewn\u0105trz i wewn\u0105trz.<\/span><\/p>\n<p><strong>Produkt odporny na promieniowanie UV.<\/strong><\/p>\n<p>&nbsp;<\/p>\n<p>&nbsp;<\/p>\n<p>&nbsp;<\/p>\n<p><img decoding=\"async\" class=\"alignnone wp-image-22506\" src=\"http:\/\/sklep.jmd24.pl\/wp-content\/uploads\/2026\/01\/Zrzut-ekranu-2026-01-02-185627-279x300.png\" alt=\"\" width=\"173\" height=\"186\" srcset=\"https:\/\/sklep.jmd24.pl\/wp-content\/uploads\/2026\/01\/Zrzut-ekranu-2026-01-02-185627-279x300.png 279w, https:\/\/sklep.jmd24.pl\/wp-content\/uploads\/2026\/01\/Zrzut-ekranu-2026-01-02-185627.png 640w\" sizes=\"(max-width: 173px) 100vw, 173px\" \/>Wiadro do wygodnego wymieszania komponent\u00f3w (w zestawie).<\/p>\n<p>&nbsp;<\/p>\n<p><strong>Nowa ulepszona formu\u0142a<\/strong><\/p>\n<ul>\n<li>Do u\u017cytkowania w temperaturach od -20\u00b0C do +90\u00b0C<\/li>\n<li>Zbrojona w\u0142\u00f3knami<\/li>\n<li>Maksymalna elastyczno\u015b\u0107<\/li>\n<li>Nieprzepuszczalna dla wody nawet pod ci\u015bnieniem<\/li>\n<li>Zapewnia doskona\u0142\u0105 ochron\u0119 przed przenikaniem CO2<\/li>\n<li>Odporna na oddzia\u0142ywanie cykli zamra\u017cania i rozmra\u017cania<\/li>\n<li>Do stosowania tak\u017ce na podlegaj\u0105cych odkszta\u0142ceniom pod\u0142o\u017cach o du\u017cych wymiarach<\/li>\n<li>Odporna na promieniowanie UV<\/li>\n<li>Zachowuje elastyczno\u015b\u0107 w temperaturach do -20\u00b0C<\/li>\n<\/ul>\n<p><img decoding=\"async\" class=\" wp-image-22507 alignleft\" src=\"http:\/\/sklep.jmd24.pl\/wp-content\/uploads\/2026\/01\/1000-jak-odpowiednio-zabezpieczyc-taras-przed-wilgocia-poznaj-rozwiazania-od-torggler-300x168.png\" alt=\"\" width=\"455\" height=\"255\" srcset=\"https:\/\/sklep.jmd24.pl\/wp-content\/uploads\/2026\/01\/1000-jak-odpowiednio-zabezpieczyc-taras-przed-wilgocia-poznaj-rozwiazania-od-torggler-300x168.png 300w, https:\/\/sklep.jmd24.pl\/wp-content\/uploads\/2026\/01\/1000-jak-odpowiednio-zabezpieczyc-taras-przed-wilgocia-poznaj-rozwiazania-od-torggler-768x431.png 768w, https:\/\/sklep.jmd24.pl\/wp-content\/uploads\/2026\/01\/1000-jak-odpowiednio-zabezpieczyc-taras-przed-wilgocia-poznaj-rozwiazania-od-torggler-364x205.png 364w, https:\/\/sklep.jmd24.pl\/wp-content\/uploads\/2026\/01\/1000-jak-odpowiednio-zabezpieczyc-taras-przed-wilgocia-poznaj-rozwiazania-od-torggler-752x420.png 752w, https:\/\/sklep.jmd24.pl\/wp-content\/uploads\/2026\/01\/1000-jak-odpowiednio-zabezpieczyc-taras-przed-wilgocia-poznaj-rozwiazania-od-torggler-650x365.png 650w, https:\/\/sklep.jmd24.pl\/wp-content\/uploads\/2026\/01\/1000-jak-odpowiednio-zabezpieczyc-taras-przed-wilgocia-poznaj-rozwiazania-od-torggler.png 1000w\" sizes=\"(max-width: 455px) 100vw, 455px\" \/><\/p>\n<p>&nbsp;<\/p>\n<p>&nbsp;<\/p>\n<p><img loading=\"lazy\" decoding=\"async\" class=\" wp-image-22509\" src=\"http:\/\/sklep.jmd24.pl\/wp-content\/uploads\/2026\/01\/Torggler-Flex-2K-Hydroizolacja-2-skladnikowa-wzmocniona-wloknami-16kg-300x169.jpg\" alt=\"\" width=\"456\" height=\"257\" srcset=\"https:\/\/sklep.jmd24.pl\/wp-content\/uploads\/2026\/01\/Torggler-Flex-2K-Hydroizolacja-2-skladnikowa-wzmocniona-wloknami-16kg-300x169.jpg 300w, https:\/\/sklep.jmd24.pl\/wp-content\/uploads\/2026\/01\/Torggler-Flex-2K-Hydroizolacja-2-skladnikowa-wzmocniona-wloknami-16kg-1024x576.jpg 1024w, https:\/\/sklep.jmd24.pl\/wp-content\/uploads\/2026\/01\/Torggler-Flex-2K-Hydroizolacja-2-skladnikowa-wzmocniona-wloknami-16kg-768x432.jpg 768w, https:\/\/sklep.jmd24.pl\/wp-content\/uploads\/2026\/01\/Torggler-Flex-2K-Hydroizolacja-2-skladnikowa-wzmocniona-wloknami-16kg-364x205.jpg 364w, https:\/\/sklep.jmd24.pl\/wp-content\/uploads\/2026\/01\/Torggler-Flex-2K-Hydroizolacja-2-skladnikowa-wzmocniona-wloknami-16kg-1320x743.jpg 1320w, https:\/\/sklep.jmd24.pl\/wp-content\/uploads\/2026\/01\/Torggler-Flex-2K-Hydroizolacja-2-skladnikowa-wzmocniona-wloknami-16kg-650x366.jpg 650w, https:\/\/sklep.jmd24.pl\/wp-content\/uploads\/2026\/01\/Torggler-Flex-2K-Hydroizolacja-2-skladnikowa-wzmocniona-wloknami-16kg.jpg 1350w\" sizes=\"(max-width: 456px) 100vw, 456px\" \/><\/p>\n<p><img loading=\"lazy\" decoding=\"async\" class=\" wp-image-22374 alignleft\" src=\"http:\/\/sklep.jmd24.pl\/wp-content\/uploads\/2025\/12\/pdf.png\" alt=\"\" width=\"72\" height=\"87\" \/><\/p>\n<p><a href=\"http:\/\/sklep.jmd24.pl\/wp-content\/uploads\/2026\/01\/Karta-techniczna.pdf\">Karta techniczna<\/a><br \/>\n<a href=\"http:\/\/sklep.jmd24.pl\/wp-content\/uploads\/2026\/01\/Deklaracja-wlasciwosci-uzytkowych.pdf\">Deklaracja w\u0142a\u015bciwo\u015bci u\u017cytkowych<\/a><br \/>\n<a href=\"http:\/\/sklep.jmd24.pl\/wp-content\/uploads\/2026\/01\/Karta-charakterystyki-komponent-A.pdf\">Karta charakterystyki komponent A<\/a><br \/>\n<a href=\"http:\/\/sklep.jmd24.pl\/wp-content\/uploads\/2026\/01\/Karta-charakterystyki-komponent-B.pdf\">Karta charakterystyki komponent B<\/a><\/p>\n<p>&nbsp;<\/p>\n","protected":false},"excerpt":{"rendered":"<h6>Hydroizolacyjna zaprawa cementowa dwusk\u0142adnikowa, elastyczna, wzmocniona w\u0142\u00f3knami.<br \/>\n<img loading=\"lazy\" decoding=\"async\" class=\"wp-image-22504 alignnone\" src=\"http:\/\/sklep.jmd24.pl\/wp-content\/uploads\/2026\/01\/lic-300x115.png\" alt=\"\" width=\"214\" height=\"82\" srcset=\"https:\/\/sklep.jmd24.pl\/wp-content\/uploads\/2026\/01\/lic-300x115.png 300w, https:\/\/sklep.jmd24.pl\/wp-content\/uploads\/2026\/01\/lic.png 394w\" sizes=\"(max-width: 214px) 100vw, 214px\" \/><\/h6>\n","protected":false},"featured_media":22510,"template":"","meta":[],"product_brand":[154],"product_cat":[142],"product_tag":[],"class_list":{"0":"post-22503","1":"product","2":"type-product","3":"status-publish","4":"has-post-thumbnail","6":"product_brand-torggler","7":"product_cat-hydroizolacje","9":"first","10":"instock","11":"taxable","12":"shipping-taxable","13":"purchasable","14":"product-type-simple"},"jetpack_sharing_enabled":true,"_links":{"self":[{"href":"https:\/\/sklep.jmd24.pl\/index.php\/wp-json\/wp\/v2\/product\/22503","targetHints":{"allow":["GET"]}}],"collection":[{"href":"https:\/\/sklep.jmd24.pl\/index.php\/wp-json\/wp\/v2\/product"}],"about":[{"href":"https:\/\/sklep.jmd24.pl\/index.php\/wp-json\/wp\/v2\/types\/product"}],"wp:featuredmedia":[{"embeddable":true,"href":"https:\/\/sklep.jmd24.pl\/index.php\/wp-json\/wp\/v2\/media\/22510"}],"wp:attachment":[{"href":"https:\/\/sklep.jmd24.pl\/index.php\/wp-json\/wp\/v2\/media?parent=22503"}],"wp:term":[{"taxonomy":"product_brand","embeddable":true,"href":"https:\/\/sklep.jmd24.pl\/index.php\/wp-json\/wp\/v2\/product_brand?post=22503"},{"taxonomy":"product_cat","embeddable":true,"href":"https:\/\/sklep.jmd24.pl\/index.php\/wp-json\/wp\/v2\/product_cat?post=22503"},{"taxonomy":"product_tag","embeddable":true,"href":"https:\/\/sklep.jmd24.pl\/index.php\/wp-json\/wp\/v2\/product_tag?post=22503"}],"curies":[{"name":"wp","href":"https:\/\/api.w.org\/{rel}","templated":true}]}}