{"id":22492,"date":"2026-01-01T14:43:35","date_gmt":"2026-01-01T13:43:35","guid":{"rendered":"http:\/\/sklep.jmd24.pl\/?post_type=product&#038;p=22492"},"modified":"2026-01-01T14:48:41","modified_gmt":"2026-01-01T13:48:41","slug":"klej-hybrydowy-strong-290-ml","status":"publish","type":"product","link":"https:\/\/sklep.jmd24.pl\/index.php\/produkt\/klej-hybrydowy-strong-290-ml\/","title":{"rendered":"Klej hybrydowy Strong 290 ml"},"content":{"rendered":"<p><img fetchpriority=\"high\" decoding=\"async\" class=\" wp-image-22496 alignleft\" src=\"http:\/\/sklep.jmd24.pl\/wp-content\/uploads\/2026\/01\/504379464_1313154724146551_6202960551913745378_n-300x253.jpg\" alt=\"\" width=\"436\" height=\"368\" srcset=\"https:\/\/sklep.jmd24.pl\/wp-content\/uploads\/2026\/01\/504379464_1313154724146551_6202960551913745378_n-300x253.jpg 300w, https:\/\/sklep.jmd24.pl\/wp-content\/uploads\/2026\/01\/504379464_1313154724146551_6202960551913745378_n-1024x864.jpg 1024w, https:\/\/sklep.jmd24.pl\/wp-content\/uploads\/2026\/01\/504379464_1313154724146551_6202960551913745378_n-768x648.jpg 768w, https:\/\/sklep.jmd24.pl\/wp-content\/uploads\/2026\/01\/504379464_1313154724146551_6202960551913745378_n-1536x1296.jpg 1536w, https:\/\/sklep.jmd24.pl\/wp-content\/uploads\/2026\/01\/504379464_1313154724146551_6202960551913745378_n-1320x1114.jpg 1320w, https:\/\/sklep.jmd24.pl\/wp-content\/uploads\/2026\/01\/504379464_1313154724146551_6202960551913745378_n-650x548.jpg 650w, https:\/\/sklep.jmd24.pl\/wp-content\/uploads\/2026\/01\/504379464_1313154724146551_6202960551913745378_n.jpg 2048w\" sizes=\"(max-width: 436px) 100vw, 436px\" \/><\/p>\n<p><span style=\"font-size: 1rem;\"><strong>Klej STRONG to uniwersalny materia\u0142 do klejenia r\u00f3\u017cnych ch\u0142onnych i niech\u0142onnych materia\u0142\u00f3w budowlanych jak beton, ceg\u0142a, powierzchnie emaliowane i ceramiczne, szyby szklane, lustra, PCW, twarde tworzywa sztuczne (HPL), metale (mied\u017a, cynk, aluminium, stopy metali, stal nierdzewna), p\u0142yty gipsowo-kartonowe, p\u0142yty cementowo-wi\u00f3rowe i drewniane.<\/strong> <\/span><\/p>\n<p><span style=\"font-size: 1rem;\">Produkt ten nie wymaga stosowania podpar\u0107 monta\u017cowych na czas wi\u0105zania kleju, wykazuje przyczepno\u015b\u0107 r\u00f3wnie\u017c w warunkach wysokiej wilgotno\u015bci, nie kurczy si\u0119, nie p\u0119cznieje w czasie wi\u0105zania, a po zwi\u0105zaniu charakteryzuje si\u0119 wysokim modu\u0142em spr\u0119\u017cysto\u015bci. Mo\u017cna go stosowa\u0107 na wilgotnych pod\u0142o\u017cach, a tak\u017ce na pod\u0142o\u017cach nara\u017conych na wibracje. Nie zawiera izocyjanian\u00f3w, rozpuszczalnik\u00f3w i silikon\u00f3w, nie wywo\u0142uje korozji metali, nie ma nieprzyjemnego zapachu.<br \/>\nZwi\u0105zany materia\u0142 mo\u017cna malowa\u0107.<\/span><\/p>\n<p>&nbsp;<\/p>\n<p><iframe title=\"Forza adesiva senza limiti \u2013 ecco la prova!\" width=\"640\" height=\"360\" src=\"https:\/\/www.youtube.com\/embed\/CWFKjXY2Z_0?feature=oembed\" frameborder=\"0\" allow=\"accelerometer; autoplay; clipboard-write; encrypted-media; gyroscope; picture-in-picture; web-share\" referrerpolicy=\"strict-origin-when-cross-origin\" allowfullscreen><\/iframe><\/p>\n<p><img decoding=\"async\" class=\"size-medium wp-image-22498 alignright\" src=\"http:\/\/sklep.jmd24.pl\/wp-content\/uploads\/2026\/01\/566196679_1409626701166019_6265655720175986022_n-300x300.jpg\" alt=\"\" width=\"300\" height=\"300\" srcset=\"https:\/\/sklep.jmd24.pl\/wp-content\/uploads\/2026\/01\/566196679_1409626701166019_6265655720175986022_n-300x300.jpg 300w, https:\/\/sklep.jmd24.pl\/wp-content\/uploads\/2026\/01\/566196679_1409626701166019_6265655720175986022_n-1024x1024.jpg 1024w, https:\/\/sklep.jmd24.pl\/wp-content\/uploads\/2026\/01\/566196679_1409626701166019_6265655720175986022_n-150x150.jpg 150w, https:\/\/sklep.jmd24.pl\/wp-content\/uploads\/2026\/01\/566196679_1409626701166019_6265655720175986022_n-768x768.jpg 768w, https:\/\/sklep.jmd24.pl\/wp-content\/uploads\/2026\/01\/566196679_1409626701166019_6265655720175986022_n-1536x1536.jpg 1536w, https:\/\/sklep.jmd24.pl\/wp-content\/uploads\/2026\/01\/566196679_1409626701166019_6265655720175986022_n-1320x1320.jpg 1320w, https:\/\/sklep.jmd24.pl\/wp-content\/uploads\/2026\/01\/566196679_1409626701166019_6265655720175986022_n-650x650.jpg 650w, https:\/\/sklep.jmd24.pl\/wp-content\/uploads\/2026\/01\/566196679_1409626701166019_6265655720175986022_n-100x100.jpg 100w, https:\/\/sklep.jmd24.pl\/wp-content\/uploads\/2026\/01\/566196679_1409626701166019_6265655720175986022_n.jpg 2048w\" sizes=\"(max-width: 300px) 100vw, 300px\" \/><\/p>\n<p>Na placu budowy ka\u017cdy boryka si\u0119 z wyzwaniami, kt\u00f3re mog\u0105 wyd\u0142u\u017cy\u0107 prace i podnie\u015b\u0107 koszty. Jak po\u0142\u0105czy\u0107 materia\u0142y, gdy warunki s\u0105 niesprzyjaj\u0105ce? Co zrobi\u0107, gdy klej nie radzi sobie z wilgotn\u0105 powierzchni\u0105? Zamiast szuka\u0107 skomplikowanych rozwi\u0105za\u0144 i stosowa\u0107 kilka r\u00f3\u017cnych produkt\u00f3w, postaw na jeden, kt\u00f3ry poradzi sobie ze wszystkim. Poznaj Torggler Strong, uniwersalny klej, kt\u00f3ry rewolucjonizuje bran\u017c\u0119.<\/p>\n<p><strong>Dlaczego Torggler Strong to Tw\u00f3j as w r\u0119kawie?<\/strong><br \/>\nW przeciwie\u0144stwie do tradycyjnych klej\u00f3w, Torggler Strong jest gotowy na wszystko. Nie potrzebuje skomplikowanego przygotowania powierzchni, a nawet radzi sobie z wilgotnymi pod\u0142o\u017cami. To nie tylko oszcz\u0119dno\u015b\u0107 czasu, ale te\u017c pewno\u015b\u0107, \u017ce \u0142\u0105czenie b\u0119dzie trwa\u0142e. Zapomnij o podk\u0142adach i mechanicznych wspornikach. Z Torggler Strong wystarczy jeden produkt, by osi\u0105gn\u0105\u0107 perfekcyjny efekt.<\/p>\n<p>&nbsp;<\/p>\n<p>&nbsp;<\/p>\n<p><img decoding=\"async\" class=\"size-medium wp-image-22497 alignleft\" src=\"http:\/\/sklep.jmd24.pl\/wp-content\/uploads\/2026\/01\/514347350_1331796958948994_8597006823805989162_n-300x300.jpg\" alt=\"\" width=\"300\" height=\"300\" srcset=\"https:\/\/sklep.jmd24.pl\/wp-content\/uploads\/2026\/01\/514347350_1331796958948994_8597006823805989162_n-300x300.jpg 300w, https:\/\/sklep.jmd24.pl\/wp-content\/uploads\/2026\/01\/514347350_1331796958948994_8597006823805989162_n-1024x1024.jpg 1024w, https:\/\/sklep.jmd24.pl\/wp-content\/uploads\/2026\/01\/514347350_1331796958948994_8597006823805989162_n-150x150.jpg 150w, https:\/\/sklep.jmd24.pl\/wp-content\/uploads\/2026\/01\/514347350_1331796958948994_8597006823805989162_n-768x768.jpg 768w, https:\/\/sklep.jmd24.pl\/wp-content\/uploads\/2026\/01\/514347350_1331796958948994_8597006823805989162_n-1536x1536.jpg 1536w, https:\/\/sklep.jmd24.pl\/wp-content\/uploads\/2026\/01\/514347350_1331796958948994_8597006823805989162_n-1320x1320.jpg 1320w, https:\/\/sklep.jmd24.pl\/wp-content\/uploads\/2026\/01\/514347350_1331796958948994_8597006823805989162_n-650x650.jpg 650w, https:\/\/sklep.jmd24.pl\/wp-content\/uploads\/2026\/01\/514347350_1331796958948994_8597006823805989162_n-100x100.jpg 100w, https:\/\/sklep.jmd24.pl\/wp-content\/uploads\/2026\/01\/514347350_1331796958948994_8597006823805989162_n.jpg 2048w\" sizes=\"(max-width: 300px) 100vw, 300px\" \/><\/p>\n<p><strong>Wszechstronny i odporny<\/strong><br \/>\nJego wszechstronno\u015b\u0107 to klucz do sukcesu. Jest elastyczny, co oznacza, \u017ce kompensuje drgania i napr\u0119\u017cenia, kt\u00f3re cz\u0119sto wyst\u0119puj\u0105 w konstrukcjach. Nie p\u0119ka i nie traci swoich w\u0142a\u015bciwo\u015bci nawet w trudnych warunkach. Ponadto jest odporny na czynniki atmosferyczne, co czyni go idealnym do zastosowa\u0144 zewn\u0119trznych, np. w budownictwie, przemy\u015ble czy \u017ceglarstwie. Mo\u017cesz go u\u017cywa\u0107 do klejenia metalu, szk\u0142a, drewna i wielu innych materia\u0142\u00f3w.<\/p>\n<p><strong>Klej, kt\u00f3ry dba o szczeg\u00f3\u0142y i Twoje zdrowie<\/strong><br \/>\nCo wa\u017cne, Torggler Strong to produkt, kt\u00f3ry jest bezpieczny dla Ciebie i Twojego otoczenia. Nie zawiera szkodliwych rozpuszczalnik\u00f3w ani innych niebezpiecznych substancji, co u\u0142atwia prac\u0119 w zamkni\u0119tych pomieszczeniach. A po wyschni\u0119ciu klej mo\u017cna malowa\u0107, co pozwala na estetyczne wyko\u0144czenie \u0142\u0105cze\u0144. Nie plami te\u017c marmuru i nie powoduje korozji metali, co daje szerokie pole do jego zastosowa\u0144.<\/p>\n<p>&nbsp;<\/p>\n<p><img loading=\"lazy\" decoding=\"async\" class=\"size-medium wp-image-22493 alignright\" src=\"http:\/\/sklep.jmd24.pl\/wp-content\/uploads\/2026\/01\/Logo-online-180x80-1-300x168.png\" alt=\"\" width=\"300\" height=\"168\" srcset=\"https:\/\/sklep.jmd24.pl\/wp-content\/uploads\/2026\/01\/Logo-online-180x80-1-300x168.png 300w, https:\/\/sklep.jmd24.pl\/wp-content\/uploads\/2026\/01\/Logo-online-180x80-1-768x431.png 768w, https:\/\/sklep.jmd24.pl\/wp-content\/uploads\/2026\/01\/Logo-online-180x80-1-364x205.png 364w, https:\/\/sklep.jmd24.pl\/wp-content\/uploads\/2026\/01\/Logo-online-180x80-1-752x420.png 752w, https:\/\/sklep.jmd24.pl\/wp-content\/uploads\/2026\/01\/Logo-online-180x80-1-650x365.png 650w, https:\/\/sklep.jmd24.pl\/wp-content\/uploads\/2026\/01\/Logo-online-180x80-1.png 1000w\" sizes=\"(max-width: 300px) 100vw, 300px\" \/><\/p>\n<p><strong>Gdzie go u\u017cywa\u0107?<\/strong><br \/>\nBudownictwo: Monta\u017c p\u0142yt, paneli, parapet\u00f3w, a tak\u017ce uszczelnianie p\u0119kni\u0119\u0107.<br \/>\nPrzemys\u0142: Klejenie element\u00f3w konstrukcyjnych, monta\u017c maszyn i urz\u0105dze\u0144.<br \/>\n\u017beglarstwo: Naprawy na pok\u0142adzie, \u0142\u0105czenie element\u00f3w nara\u017conych na wilgo\u0107 i drgania.<br \/>\nTorggler Strong to nie tylko klej \u2013 to gwarancja, \u017ce Twoja praca b\u0119dzie trwa\u0142a, solidna i odporna na ka\u017cde wyzwanie.<\/p>\n<p>Poznaj si\u0142\u0119, kt\u00f3ra nigdy si\u0119 nie poddaje.<br \/>\nWypr\u00f3buj Torggler Strong i przekonaj si\u0119, dlaczego w starciu z najtrudniejszymi zadaniami, mo\u017ce by\u0107 tylko jeden zwyci\u0119zca.<\/p>\n<p><img loading=\"lazy\" decoding=\"async\" class=\" wp-image-22374 alignleft\" src=\"http:\/\/sklep.jmd24.pl\/wp-content\/uploads\/2025\/12\/pdf.png\" alt=\"\" width=\"47\" height=\"57\" \/><\/p>\n<p><a href=\"http:\/\/sklep.jmd24.pl\/wp-content\/uploads\/2026\/01\/KARTA-TECHNICZNA-1.pdf\">KARTA TECHNICZNA<\/a><br \/>\n<a href=\"http:\/\/sklep.jmd24.pl\/wp-content\/uploads\/2026\/01\/LICENCJA-EMICODE.pdf\">LICENCJA EMICODE<\/a><\/p>\n<p>&nbsp;<\/p>\n<p>&nbsp;<\/p>\n","protected":false},"excerpt":{"rendered":"<p><strong>Wysokowytrzyma\u0142y klej hybrydowy o du\u017cej przyczepno\u015bci pocz\u0105tkowej. Nie wymaga stosowania podpar\u0107 monta\u017cowych na czas wi\u0105zania, do stosowania wewn\u0105trz i na zewn\u0105trz.<\/strong><br \/>\n<strong><br \/>\n<img loading=\"lazy\" decoding=\"async\" class=\"size-full wp-image-22501 alignleft\" src=\"http:\/\/sklep.jmd24.pl\/wp-content\/uploads\/2026\/01\/EC1.png\" alt=\"\" width=\"244\" height=\"142\" \/><\/strong><\/p>\n","protected":false},"featured_media":22495,"template":"","meta":[],"product_brand":[],"product_cat":[143],"product_tag":[],"class_list":{"0":"post-22492","1":"product","2":"type-product","3":"status-publish","4":"has-post-thumbnail","6":"product_cat-uszczelniacze","8":"first","9":"instock","10":"taxable","11":"shipping-taxable","12":"purchasable","13":"product-type-simple"},"jetpack_sharing_enabled":true,"_links":{"self":[{"href":"https:\/\/sklep.jmd24.pl\/index.php\/wp-json\/wp\/v2\/product\/22492","targetHints":{"allow":["GET"]}}],"collection":[{"href":"https:\/\/sklep.jmd24.pl\/index.php\/wp-json\/wp\/v2\/product"}],"about":[{"href":"https:\/\/sklep.jmd24.pl\/index.php\/wp-json\/wp\/v2\/types\/product"}],"wp:featuredmedia":[{"embeddable":true,"href":"https:\/\/sklep.jmd24.pl\/index.php\/wp-json\/wp\/v2\/media\/22495"}],"wp:attachment":[{"href":"https:\/\/sklep.jmd24.pl\/index.php\/wp-json\/wp\/v2\/media?parent=22492"}],"wp:term":[{"taxonomy":"product_brand","embeddable":true,"href":"https:\/\/sklep.jmd24.pl\/index.php\/wp-json\/wp\/v2\/product_brand?post=22492"},{"taxonomy":"product_cat","embeddable":true,"href":"https:\/\/sklep.jmd24.pl\/index.php\/wp-json\/wp\/v2\/product_cat?post=22492"},{"taxonomy":"product_tag","embeddable":true,"href":"https:\/\/sklep.jmd24.pl\/index.php\/wp-json\/wp\/v2\/product_tag?post=22492"}],"curies":[{"name":"wp","href":"https:\/\/api.w.org\/{rel}","templated":true}]}}