{"id":22463,"date":"2026-01-01T12:33:16","date_gmt":"2026-01-01T11:33:16","guid":{"rendered":"http:\/\/sklep.jmd24.pl\/?post_type=product&#038;p=22463"},"modified":"2026-01-01T12:40:11","modified_gmt":"2026-01-01T11:40:11","slug":"kotwa-chemiczna-ca-poly-300ml","status":"publish","type":"product","link":"https:\/\/sklep.jmd24.pl\/index.php\/produkt\/kotwa-chemiczna-ca-poly-300ml\/","title":{"rendered":"Kotwa chemiczna CA Poly 300ml"},"content":{"rendered":"<p><strong>Dwusk\u0142adnikowa kotwa chemiczna na bazie \u017cywicy poliestrowej bez styrenu<\/strong> do mocowania \u015brednich i lekkich obci\u0105\u017ce\u0144, do kotwie\u0144 w elementach betonowych w strefach \u015bciskania (opcja 7), pe\u0142nej cegle i dziurawce, pustakach, betonie kom\u00f3rkowym. Do u\u017cytku w po\u0142\u0105czenie z pr\u0119tami gwintowanymi. Charakteryzuje si\u0119 szybkim wi\u0105zaniem. Posiada certyfikat\u00a0 niskiej emisji LZO A+.<\/p>\n<p><iframe title=\"Torggler Tutorials: Kotwy chemiczne - CA Poly\" width=\"640\" height=\"360\" src=\"https:\/\/www.youtube.com\/embed\/fYSLpf1KY8M?start=4&#038;feature=oembed\" frameborder=\"0\" allow=\"accelerometer; autoplay; clipboard-write; encrypted-media; gyroscope; picture-in-picture; web-share\" referrerpolicy=\"strict-origin-when-cross-origin\" allowfullscreen><\/iframe><\/p>\n<p><a href=\"http:\/\/sklep.jmd24.pl\/wp-content\/uploads\/2026\/01\/DEKLARACJA-WLASCIWOSCI-UZYTKOWYCH-KOTWIENIE-W-BETONIE.pdf\"><img decoding=\"async\" class=\" wp-image-22374 alignleft\" src=\"http:\/\/sklep.jmd24.pl\/wp-content\/uploads\/2025\/12\/pdf.png\" alt=\"\" width=\"65\" height=\"78\" \/>DEKLARACJA WLASCIWOSCI UZYTKOWYCH KOTWIENIE W BETONIE<\/a><br \/>\n<a href=\"http:\/\/sklep.jmd24.pl\/wp-content\/uploads\/2026\/01\/DEKLARACJA-WLASCIWOSCI-UZYTKOWYCH-TULEJE-SIATKOWE.pdf\">DEKLARACJA WLASCIWOSCI UZYTKOWYCH TULEJE SIATKOWE<\/a><br \/>\n<a href=\"http:\/\/sklep.jmd24.pl\/wp-content\/uploads\/2026\/01\/EUROPEJSKA-OCENA-TECHNICZNA-PRETY-GWINTOWANE.pdf\">EUROPEJSKA OCENA TECHNICZNA PR\u0118TY GWINTOWANE<\/a><br \/>\n<a href=\"http:\/\/sklep.jmd24.pl\/wp-content\/uploads\/2026\/01\/EUROPEJSKA-OCENA-TECHNICZNA-TULEJE-SIATKOWE.pdf\">EUROPEJSKA OCENA TECHNICZNA TULEJE SIATKOWE<\/a> <a href=\"http:\/\/sklep.jmd24.pl\/wp-content\/uploads\/2026\/01\/KARTA-TECHNICZNA.pdf\">KARTA TECHNICZNA<\/a><\/p>\n","protected":false},"excerpt":{"rendered":"<p><strong>Dwusk\u0142adnikowa kotwa chemiczna na bazie \u017cywicy poliestrowej bez styrenu do mocowania \u015brednich i lekkich obci\u0105\u017ce\u0144.<\/strong><\/p>\n<div><img decoding=\"async\" class=\"alignnone wp-image-22464\" src=\"http:\/\/sklep.jmd24.pl\/wp-content\/uploads\/2026\/01\/aplus-300x170.png\" alt=\"\" width=\"129\" height=\"73\" srcset=\"https:\/\/sklep.jmd24.pl\/wp-content\/uploads\/2026\/01\/aplus-300x170.png 300w, https:\/\/sklep.jmd24.pl\/wp-content\/uploads\/2026\/01\/aplus.png 303w\" sizes=\"(max-width: 129px) 100vw, 129px\" \/><\/div>\n","protected":false},"featured_media":22467,"template":"","meta":[],"product_brand":[154],"product_cat":[162],"product_tag":[],"class_list":{"0":"post-22463","1":"product","2":"type-product","3":"status-publish","4":"has-post-thumbnail","6":"product_brand-torggler","7":"product_cat-kotwienie","9":"first","10":"instock","11":"taxable","12":"shipping-taxable","13":"purchasable","14":"product-type-simple"},"jetpack_sharing_enabled":true,"_links":{"self":[{"href":"https:\/\/sklep.jmd24.pl\/index.php\/wp-json\/wp\/v2\/product\/22463","targetHints":{"allow":["GET"]}}],"collection":[{"href":"https:\/\/sklep.jmd24.pl\/index.php\/wp-json\/wp\/v2\/product"}],"about":[{"href":"https:\/\/sklep.jmd24.pl\/index.php\/wp-json\/wp\/v2\/types\/product"}],"wp:featuredmedia":[{"embeddable":true,"href":"https:\/\/sklep.jmd24.pl\/index.php\/wp-json\/wp\/v2\/media\/22467"}],"wp:attachment":[{"href":"https:\/\/sklep.jmd24.pl\/index.php\/wp-json\/wp\/v2\/media?parent=22463"}],"wp:term":[{"taxonomy":"product_brand","embeddable":true,"href":"https:\/\/sklep.jmd24.pl\/index.php\/wp-json\/wp\/v2\/product_brand?post=22463"},{"taxonomy":"product_cat","embeddable":true,"href":"https:\/\/sklep.jmd24.pl\/index.php\/wp-json\/wp\/v2\/product_cat?post=22463"},{"taxonomy":"product_tag","embeddable":true,"href":"https:\/\/sklep.jmd24.pl\/index.php\/wp-json\/wp\/v2\/product_tag?post=22463"}],"curies":[{"name":"wp","href":"https:\/\/api.w.org\/{rel}","templated":true}]}}