{"id":22454,"date":"2025-12-29T19:53:31","date_gmt":"2025-12-29T18:53:31","guid":{"rendered":"http:\/\/sklep.jmd24.pl\/?post_type=product&#038;p=22454"},"modified":"2025-12-29T20:02:27","modified_gmt":"2025-12-29T19:02:27","slug":"neutralny-silikon-do-marmuru-i-kamienia-naturalnego-o-niskim-module-elastycznosci-310ml","status":"publish","type":"product","link":"https:\/\/sklep.jmd24.pl\/index.php\/produkt\/neutralny-silikon-do-marmuru-i-kamienia-naturalnego-o-niskim-module-elastycznosci-310ml\/","title":{"rendered":"Neutralny silikon do marmuru i kamienia naturalnego, o niskim module elastyczno\u015bci. 310ml"},"content":{"rendered":"<p><img fetchpriority=\"high\" decoding=\"async\" class=\"alignleft wp-image-22461 size-medium\" src=\"http:\/\/sklep.jmd24.pl\/wp-content\/uploads\/2025\/12\/Nowosc_Marble_Stone_PLc-212x300.webp\" alt=\"\" width=\"212\" height=\"300\" srcset=\"https:\/\/sklep.jmd24.pl\/wp-content\/uploads\/2025\/12\/Nowosc_Marble_Stone_PLc-212x300.webp 212w, https:\/\/sklep.jmd24.pl\/wp-content\/uploads\/2025\/12\/Nowosc_Marble_Stone_PLc-724x1024.webp 724w, https:\/\/sklep.jmd24.pl\/wp-content\/uploads\/2025\/12\/Nowosc_Marble_Stone_PLc-768x1087.webp 768w, https:\/\/sklep.jmd24.pl\/wp-content\/uploads\/2025\/12\/Nowosc_Marble_Stone_PLc-650x920.webp 650w, https:\/\/sklep.jmd24.pl\/wp-content\/uploads\/2025\/12\/Nowosc_Marble_Stone_PLc.webp 826w\" sizes=\"(max-width: 212px) 100vw, 212px\" \/>Marble &amp; Stone to neutralnie wi\u0105\u017c\u0105cy <strong>uszczelniacz silikonowy o niskim module elastyczno\u015bci, przeznaczony do zastosowa\u0144 z marmurem i kamieniem naturalnym.<br \/>\n<\/strong> Zapobiega powstawaniu uporczywych <strong>plam\/smug<\/strong> spowodowanych przez organiczne plastyfikatory wyst\u0119puj\u0105ce w konwencjonalnych uszczelniaczach silikonowych.<br \/>\nDzi\u0119ki doskona\u0142ej <strong>odporno\u015bci na promieniowanie UV, warunki atmosferyczne i starzenie,<\/strong> doskona\u0142ym w\u0142a\u015bciwo\u015bciom adhezyjnym oraz wysokiej elastyczno\u015bci dzi\u0119ki niskiemu modu\u0142owi spr\u0119\u017cysto\u015bci, Marble &amp; Stone mo\u017ce by\u0107 stosowany jako uszczelniacz w zastosowaniach <strong>wewn\u0119trznych i zewn\u0119trznych<\/strong>.<br \/>\nDzi\u0119ki sk\u0142adowi odpornemu na grzyby przeznaczony jest r\u00f3wnie\u017c do zastosowa\u0144 <strong>glazurniczych i sanitarnych.<\/strong><\/p>\n<p>&nbsp;<\/p>\n<p>&nbsp;<\/p>\n<p><strong>Przeznaczony jest do : <\/strong><\/p>\n<ul>\n<li>Uszczelnianie spoin i dylatacji w kamieniu naturalnym, marmurze i innych wra\u017cliwych oraz ch\u0142onnych pod\u0142o\u017cach<\/li>\n<li>Uszczelnianie po\u0142\u0105cze\u0144 i dylatacji (wewn\u0105trz i na zewn\u0105trz) w budownictwie, przemy\u015ble stoczniowym, og\u00f3lnie w przemy\u015ble.<\/li>\n<li>Wodoodporne i odporne na ple\u015b\u0144 uszczelnianie fug w pomieszczeniach sanitarnych (\u0142azienki, wanny, kabiny prysznicowe, umywalki, strefy wellness i baseny).<\/li>\n<li>Uszczelnienie po\u0142\u0105cze\u0144 mi\u0119dzy szyb\u0105 a ram\u0105 okna (metalow\u0105, malowan\u0105, drewnian\u0105 lub z PCV)<\/li>\n<\/ul>\n<p><img decoding=\"async\" class=\" wp-image-22458 alignnone\" src=\"http:\/\/sklep.jmd24.pl\/wp-content\/uploads\/2025\/12\/Kolor-300x220.png\" alt=\"\" width=\"195\" height=\"143\" srcset=\"https:\/\/sklep.jmd24.pl\/wp-content\/uploads\/2025\/12\/Kolor-300x220.png 300w, https:\/\/sklep.jmd24.pl\/wp-content\/uploads\/2025\/12\/Kolor.png 370w\" sizes=\"(max-width: 195px) 100vw, 195px\" \/> \u00a0<strong>Wybrany kolor prosz\u0119 wpisa\u0107 w uwagach do zam\u00f3wienia.<\/strong><\/p>\n<p>&nbsp;<\/p>\n<p><img decoding=\"async\" class=\" wp-image-22374 alignleft\" src=\"http:\/\/sklep.jmd24.pl\/wp-content\/uploads\/2025\/12\/pdf.png\" alt=\"\" width=\"40\" height=\"49\" \/><a href=\"http:\/\/sklep.jmd24.pl\/wp-content\/uploads\/2025\/12\/KARTA-TECHNICZNA-4.pdf\">KARTA TECHNICZNA<\/a><br \/>\n<a href=\"http:\/\/sklep.jmd24.pl\/wp-content\/uploads\/2025\/12\/DEKLARACJA-WLASCIWOSCI-UZYTKOWYCH.pdf\">DEKLARACJA W\u0141A\u015aCIWO\u015aCI U\u017bYTKOWYCH<\/a><\/p>\n","protected":false},"excerpt":{"rendered":"<ul>\n<li><strong>Neutralny silikon do marmuru i kamienia naturalnego, o niskim module elastyczno\u015bci.<br \/>\n<img loading=\"lazy\" decoding=\"async\" class=\"aligncenter wp-image-22456 size-full\" src=\"http:\/\/sklep.jmd24.pl\/wp-content\/uploads\/2025\/12\/EC1-2.png\" alt=\"\" width=\"544\" height=\"127\" srcset=\"https:\/\/sklep.jmd24.pl\/wp-content\/uploads\/2025\/12\/EC1-2.png 544w, https:\/\/sklep.jmd24.pl\/wp-content\/uploads\/2025\/12\/EC1-2-300x70.png 300w\" sizes=\"(max-width: 544px) 100vw, 544px\" \/><\/strong><\/li>\n<li><span style=\"font-size: 1rem;\">Nie pozostawia plam na kamieniu naturalnym<\/span>Wysoka odporno\u015b\u0107 na promieniowanie UV<\/li>\n<li>Zgodno\u015b\u0107 z kolorami fugi cementowej Tile Grout<\/li>\n<li>Odporno\u015b\u0107 na ple\u015b\u0144<\/li>\n<li>Certyfikat do monta\u017cu okien i drzwi<\/li>\n<li>Formu\u0142a MEKO FREE<\/li>\n<\/ul>\n","protected":false},"featured_media":22460,"template":"","meta":[],"product_brand":[154],"product_cat":[143],"product_tag":[],"class_list":{"0":"post-22454","1":"product","2":"type-product","3":"status-publish","4":"has-post-thumbnail","6":"product_brand-torggler","7":"product_cat-uszczelniacze","9":"first","10":"instock","11":"taxable","12":"shipping-taxable","13":"purchasable","14":"product-type-simple"},"jetpack_sharing_enabled":true,"_links":{"self":[{"href":"https:\/\/sklep.jmd24.pl\/index.php\/wp-json\/wp\/v2\/product\/22454","targetHints":{"allow":["GET"]}}],"collection":[{"href":"https:\/\/sklep.jmd24.pl\/index.php\/wp-json\/wp\/v2\/product"}],"about":[{"href":"https:\/\/sklep.jmd24.pl\/index.php\/wp-json\/wp\/v2\/types\/product"}],"wp:featuredmedia":[{"embeddable":true,"href":"https:\/\/sklep.jmd24.pl\/index.php\/wp-json\/wp\/v2\/media\/22460"}],"wp:attachment":[{"href":"https:\/\/sklep.jmd24.pl\/index.php\/wp-json\/wp\/v2\/media?parent=22454"}],"wp:term":[{"taxonomy":"product_brand","embeddable":true,"href":"https:\/\/sklep.jmd24.pl\/index.php\/wp-json\/wp\/v2\/product_brand?post=22454"},{"taxonomy":"product_cat","embeddable":true,"href":"https:\/\/sklep.jmd24.pl\/index.php\/wp-json\/wp\/v2\/product_cat?post=22454"},{"taxonomy":"product_tag","embeddable":true,"href":"https:\/\/sklep.jmd24.pl\/index.php\/wp-json\/wp\/v2\/product_tag?post=22454"}],"curies":[{"name":"wp","href":"https:\/\/api.w.org\/{rel}","templated":true}]}}