{"id":22435,"date":"2025-12-28T17:46:46","date_gmt":"2025-12-28T16:46:46","guid":{"rendered":"http:\/\/sklep.jmd24.pl\/?post_type=product&#038;p=22435"},"modified":"2025-12-28T19:20:40","modified_gmt":"2025-12-28T18:20:40","slug":"silikon-dekarski-do-elastycznego-klejenia-i-uszczelniania-obrobek-blacharskich-310ml","status":"publish","type":"product","link":"https:\/\/sklep.jmd24.pl\/index.php\/produkt\/silikon-dekarski-do-elastycznego-klejenia-i-uszczelniania-obrobek-blacharskich-310ml\/","title":{"rendered":"Silikon dekarski (kolor szary) do elastycznego klejenia i uszczelniania obr\u00f3bek blacharskich 310ml"},"content":{"rendered":"<p><img decoding=\"async\" class=\"alignnone size-medium wp-image-22434\" src=\"http:\/\/sklep.jmd24.pl\/wp-content\/uploads\/2025\/12\/Uszczelniacze-1-300x147.png\" alt=\"\" width=\"300\" height=\"147\" srcset=\"https:\/\/sklep.jmd24.pl\/wp-content\/uploads\/2025\/12\/Uszczelniacze-1-300x147.png 300w, https:\/\/sklep.jmd24.pl\/wp-content\/uploads\/2025\/12\/Uszczelniacze-1-1024x500.png 1024w, https:\/\/sklep.jmd24.pl\/wp-content\/uploads\/2025\/12\/Uszczelniacze-1-768x375.png 768w, https:\/\/sklep.jmd24.pl\/wp-content\/uploads\/2025\/12\/Uszczelniacze-1-650x318.png 650w, https:\/\/sklep.jmd24.pl\/wp-content\/uploads\/2025\/12\/Uszczelniacze-1.png 1246w\" sizes=\"(max-width: 300px) 100vw, 300px\" \/> <img decoding=\"async\" class=\"alignnone size-full wp-image-22436\" src=\"http:\/\/sklep.jmd24.pl\/wp-content\/uploads\/2025\/12\/EC1-1.png\" alt=\"\" width=\"268\" height=\"121\" \/><\/p>\n<ul>\n<li style=\"list-style-type: none;\">\n<ul>\n<li>Wysoka szczelno\u015b\u0107<\/li>\n<li>Trwa\u0142a elastyczno\u015b\u0107<\/li>\n<li>Doskona\u0142a odporno\u015b\u0107 na starzenie<\/li>\n<\/ul>\n<\/li>\n<\/ul>\n<p><img decoding=\"async\" class=\"alignnone wp-image-22438\" src=\"http:\/\/sklep.jmd24.pl\/wp-content\/uploads\/2025\/12\/Szary-300x27.png\" alt=\"\" width=\"622\" height=\"56\" srcset=\"https:\/\/sklep.jmd24.pl\/wp-content\/uploads\/2025\/12\/Szary-300x27.png 300w, https:\/\/sklep.jmd24.pl\/wp-content\/uploads\/2025\/12\/Szary-768x69.png 768w, https:\/\/sklep.jmd24.pl\/wp-content\/uploads\/2025\/12\/Szary-650x58.png 650w, https:\/\/sklep.jmd24.pl\/wp-content\/uploads\/2025\/12\/Szary.png 919w\" sizes=\"(max-width: 622px) 100vw, 622px\" \/><br \/>\nSzeroka gama kolorystycznaTrwa\u0142a elastyczno\u015b\u0107, doskona\u0142a szczelno\u015b\u0107 a tak\u017ce aplikacja bez wydzielania zapach\u00f3w (dzi\u0119ki neutralnemu sieciowaniu) sprawiaj\u0105, \u017ce LAMIERA DEKARSKI jest niezast\u0105piony do uszczelniania i klejenia element\u00f3w metalowych przy obr\u00f3bce blach. Doskonale nadaje si\u0119 r\u00f3wnie\u017c do elastycznego i wodoodpornego uszczelnienia pomi\u0119dzy pokryciami z dach\u00f3wki ceramicznej i kraw\u0119dziowymi obr\u00f3bkami blacharskimi, uszczelnie\u0144 mi\u0119dzy blachodach\u00f3wk\u0105 a \u015bcian\u0105, obr\u00f3bk\u0105 blacharsk\u0105 a kominem, uszczelnie\u0144 przej\u015b\u0107 rurowych przez \u015bcian\u0119, a tak\u017ce przy monta\u017cu konstrukcji z \u0142\u0105czonych blach \/ paneli aluminiowych z jednoczesn\u0105 ich izolacj\u0105.<\/p>\n<p><iframe title=\"Torggler - Sigillante Siliconico Lamiera\" src=\"https:\/\/www.youtube.com\/embed\/Eb3Ch3bKQ7o\" width=\"1081\" height=\"608\" frameborder=\"0\" allowfullscreen=\"allowfullscreen\"><\/iframe><\/p>\n","protected":false},"excerpt":{"rendered":"<div class=\"product-infos__item\">\n<p>Neutralny uszczelniacz silikonowy do uszczelniania i klejenia r\u00f3\u017cnych element\u00f3w metalowych w pracach blacharsko-dekarskich. Stosuje si\u0119 go r\u00f3wnie\u017c do uszczelnie\u0144 obr\u00f3bek blacharskich gzyms\u00f3w, komin\u00f3w, jak r\u00f3wnie\u017c we wszystkich podobnych pracach budowlanych wymagaj\u0105cych trwa\u0142ego, elastycznego i odpornego na czynniki atmosferyczne uszczelnienia. Jest materia\u0142em\u00a0 zaklasyfikowanym jako uszczelniacz konstrukcyjny o\u00a0 najwy\u017cszej klasie F25LM wg. EN-ISO 11600:2002.<\/p>\n<\/div>\n","protected":false},"featured_media":22437,"template":"","meta":[],"product_brand":[],"product_cat":[143],"product_tag":[],"class_list":{"0":"post-22435","1":"product","2":"type-product","3":"status-publish","4":"has-post-thumbnail","6":"product_cat-uszczelniacze","8":"first","9":"instock","10":"taxable","11":"shipping-taxable","12":"purchasable","13":"product-type-simple"},"jetpack_sharing_enabled":true,"_links":{"self":[{"href":"https:\/\/sklep.jmd24.pl\/index.php\/wp-json\/wp\/v2\/product\/22435","targetHints":{"allow":["GET"]}}],"collection":[{"href":"https:\/\/sklep.jmd24.pl\/index.php\/wp-json\/wp\/v2\/product"}],"about":[{"href":"https:\/\/sklep.jmd24.pl\/index.php\/wp-json\/wp\/v2\/types\/product"}],"wp:featuredmedia":[{"embeddable":true,"href":"https:\/\/sklep.jmd24.pl\/index.php\/wp-json\/wp\/v2\/media\/22437"}],"wp:attachment":[{"href":"https:\/\/sklep.jmd24.pl\/index.php\/wp-json\/wp\/v2\/media?parent=22435"}],"wp:term":[{"taxonomy":"product_brand","embeddable":true,"href":"https:\/\/sklep.jmd24.pl\/index.php\/wp-json\/wp\/v2\/product_brand?post=22435"},{"taxonomy":"product_cat","embeddable":true,"href":"https:\/\/sklep.jmd24.pl\/index.php\/wp-json\/wp\/v2\/product_cat?post=22435"},{"taxonomy":"product_tag","embeddable":true,"href":"https:\/\/sklep.jmd24.pl\/index.php\/wp-json\/wp\/v2\/product_tag?post=22435"}],"curies":[{"name":"wp","href":"https:\/\/api.w.org\/{rel}","templated":true}]}}