{"id":22427,"date":"2025-12-28T17:09:51","date_gmt":"2025-12-28T16:09:51","guid":{"rendered":"http:\/\/sklep.jmd24.pl\/?post_type=product&#038;p=22427"},"modified":"2025-12-28T17:14:14","modified_gmt":"2025-12-28T16:14:14","slug":"srodek-czyszczacy-do-pianki-poliuretanowej-500ml","status":"publish","type":"product","link":"https:\/\/sklep.jmd24.pl\/index.php\/produkt\/srodek-czyszczacy-do-pianki-poliuretanowej-500ml\/","title":{"rendered":"\u015arodek czyszcz\u0105cy do pianki poliuretanowej 500ml."},"content":{"rendered":"<p><img fetchpriority=\"high\" decoding=\"async\" class=\" wp-image-22428 alignleft\" src=\"http:\/\/sklep.jmd24.pl\/wp-content\/uploads\/2025\/12\/Cleaner-300x210.png\" alt=\"\" width=\"432\" height=\"302\" srcset=\"https:\/\/sklep.jmd24.pl\/wp-content\/uploads\/2025\/12\/Cleaner-300x210.png 300w, https:\/\/sklep.jmd24.pl\/wp-content\/uploads\/2025\/12\/Cleaner-1024x716.png 1024w, https:\/\/sklep.jmd24.pl\/wp-content\/uploads\/2025\/12\/Cleaner-768x537.png 768w, https:\/\/sklep.jmd24.pl\/wp-content\/uploads\/2025\/12\/Cleaner-100x70.png 100w, https:\/\/sklep.jmd24.pl\/wp-content\/uploads\/2025\/12\/Cleaner-650x454.png 650w, https:\/\/sklep.jmd24.pl\/wp-content\/uploads\/2025\/12\/Cleaner.png 1027w\" sizes=\"(max-width: 432px) 100vw, 432px\" \/>\u015arodek czyszcz\u0105cy do pianki poliuretanowej sk\u0142ada si\u0119 z mieszanki rozpuszczalnik\u00f3w i polimer\u00f3w oraz propelentu na bazie denaturowanych, bezwonnych i nietoksycznych w\u0119glowodor\u00f3w. <strong>Jest to przezroczysta ciecz zdolna do szybkiego rozpuszczania \u015bwie\u017cej pianki poliuretanowej. Nie topi utwardzonej pianki.<\/strong><\/p>\n<p><strong>Obszary zastosowania<br \/>\n<\/strong><strong>Szybkie usuwanie nieutwardzonej pianki<\/strong> poliuretanowej z wszelkich zabrudzonych powierzchni. <strong>Profesjonalne czyszczenie pistolet\u00f3w do nak\u0142adania pianki bezpo\u015brednio po jej wyci\u015bni\u0119ciu.<\/strong> \u015arodek czyszcz\u0105cy do pianki poliuretanowej nie rozpuszcza utwardzonej pianki nawet po d\u0142u\u017cszym dzia\u0142aniu: w takim przypadku mo\u017cna j\u0105 usun\u0105\u0107 wy\u0142\u0105cznie mechanicznie za pomoc\u0105 szpachli lub papieru \u015bciernego.<\/p>\n<p><strong>Instrukcja u\u017cycia<\/strong><br \/>\nAby usun\u0105\u0107 piank\u0119 poliuretanow\u0105 z pistoletu do ekstruzji, wkr\u0119\u0107 cylinder, nie u\u017cywaj\u0105c si\u0142y, do odpowiedniego okr\u0105g\u0142ego z\u0142\u0105cza gwintowanego. Naci\u015bnij spust, aby pozosta\u0142o\u015bci pianki wysz\u0142y z pistoletu. Gdy tylko rozpuszczalnik zacznie wyp\u0142ywa\u0107, zwolnij spust i odczekaj 1 lub 2 minuty, a\u017c rozpuszczalnik rozpu\u015bci pozosta\u0142o\u015bci wewn\u0105trz pistoletu. Nast\u0119pnie, naciskaj\u0105c spust, opr\u00f3\u017cnij zawarto\u015b\u0107 do odpowiedniego pojemnika, a\u017c zacznie wyp\u0142ywa\u0107 czysty rozpuszczalnik. W razie potrzeby powt\u00f3rz t\u0119 czynno\u015b\u0107 2 lub 3 razy. Odkr\u0119\u0107 czysty cylinder pistoletu, aby by\u0142 gotowy do ponownego u\u017cycia. Je\u015bli pistolet nie zostanie natychmiast ponownie u\u017cyty, zamknij tylny zaw\u00f3r. Aby usun\u0105\u0107 piank\u0119 z zanieczyszczonych powierzchni, za\u0142\u00f3\u017c dysz\u0119 natryskow\u0105 na zaw\u00f3r cylindra i naci\u015bnij. W razie potrzeby powt\u00f3rz aplikacj\u0119 rozpuszczalnika kilka razy, u\u017cywaj\u0105c ch\u0142onnego papieru.<\/p>\n<p><strong>Przechowywanie<\/strong><br \/>\n\u015arodek czyszcz\u0105cy do pianek poliuretanowych nale\u017cy przechowywa\u0107 w pozycji pionowej w temperaturze +5\/+30 \u00b0C. W tych warunkach stabilno\u015b\u0107 przechowywania wynosi co najmniej 36 miesi\u0119cy. Butle, kt\u00f3re nie zosta\u0142y ca\u0142kowicie zu\u017cyte, mo\u017cna przechowywa\u0107 przez oko\u0142o 6 miesi\u0119cy, je\u015bli s\u0105 szczelnie zamkni\u0119te.Ostrze\u017cenia<br \/>\nUwaga! \u015arodek do czyszczenia pianki poliuretanowej mo\u017ce rozpuszcza\u0107 lub odbarwia\u0107 powierzchnie, na kt\u00f3re jest nak\u0142adany (farba, kolor, materia\u0142y syntetyczne, tkaniny itp.), dlatego przed u\u017cyciem nale\u017cy zawsze wykona\u0107 test w niewidocznym miejscu, aby upewni\u0107 si\u0119, \u017ce pod\u0142o\u017ce nie ulegnie uszkodzeniu.<\/p>\n<p><img decoding=\"async\" class=\"alignnone wp-image-22374\" src=\"http:\/\/sklep.jmd24.pl\/wp-content\/uploads\/2025\/12\/pdf.png\" alt=\"\" width=\"35\" height=\"42\" \/> <a href=\"http:\/\/sklep.jmd24.pl\/wp-content\/uploads\/2025\/12\/KARTA-TECHNICZNA-EN.pdf\">KARTA TECHNICZNA EN<\/a><\/p>\n","protected":false},"excerpt":{"rendered":"<p><strong>Rozpuszczalnik do czyszczenia pistolet\u00f3w do pianek poliuretanowych, do usuwania zabrudze\u0144 ze \u015bwie\u017cej pianki.<br \/>\n<\/strong>Do usuwania nie stwardnia\u0142ych resztek pianki poliuretanowej oraz do czyszczenia pistolet\u00f3w do pianki poliuretanowej.<\/p>\n","protected":false},"featured_media":22430,"template":"","meta":[],"product_brand":[154],"product_cat":[153],"product_tag":[],"class_list":{"0":"post-22427","1":"product","2":"type-product","3":"status-publish","4":"has-post-thumbnail","6":"product_brand-torggler","7":"product_cat-piany","9":"first","10":"instock","11":"taxable","12":"shipping-taxable","13":"purchasable","14":"product-type-simple"},"jetpack_sharing_enabled":true,"_links":{"self":[{"href":"https:\/\/sklep.jmd24.pl\/index.php\/wp-json\/wp\/v2\/product\/22427","targetHints":{"allow":["GET"]}}],"collection":[{"href":"https:\/\/sklep.jmd24.pl\/index.php\/wp-json\/wp\/v2\/product"}],"about":[{"href":"https:\/\/sklep.jmd24.pl\/index.php\/wp-json\/wp\/v2\/types\/product"}],"wp:featuredmedia":[{"embeddable":true,"href":"https:\/\/sklep.jmd24.pl\/index.php\/wp-json\/wp\/v2\/media\/22430"}],"wp:attachment":[{"href":"https:\/\/sklep.jmd24.pl\/index.php\/wp-json\/wp\/v2\/media?parent=22427"}],"wp:term":[{"taxonomy":"product_brand","embeddable":true,"href":"https:\/\/sklep.jmd24.pl\/index.php\/wp-json\/wp\/v2\/product_brand?post=22427"},{"taxonomy":"product_cat","embeddable":true,"href":"https:\/\/sklep.jmd24.pl\/index.php\/wp-json\/wp\/v2\/product_cat?post=22427"},{"taxonomy":"product_tag","embeddable":true,"href":"https:\/\/sklep.jmd24.pl\/index.php\/wp-json\/wp\/v2\/product_tag?post=22427"}],"curies":[{"name":"wp","href":"https:\/\/api.w.org\/{rel}","templated":true}]}}