{"id":22420,"date":"2025-12-28T16:38:02","date_gmt":"2025-12-28T15:38:02","guid":{"rendered":"http:\/\/sklep.jmd24.pl\/?post_type=product&#038;p=22420"},"modified":"2025-12-28T17:22:03","modified_gmt":"2025-12-28T16:22:03","slug":"poliuretanowa-pianka-montazowa-pu-do-mocowania-i-uszczelniania-okien-i-drzwi-750ml","status":"publish","type":"product","link":"https:\/\/sklep.jmd24.pl\/index.php\/produkt\/poliuretanowa-pianka-montazowa-pu-do-mocowania-i-uszczelniania-okien-i-drzwi-750ml\/","title":{"rendered":"Poliuretanowa pianka monta\u017cowa PU do mocowania i uszczelniania okien i drzwi 750ml."},"content":{"rendered":"<p>WINDOW &amp; DOOR dzi\u0119ki stabilno\u015bci wymiarowej i w\u0142a\u015bciwo\u015bciom mechanicznym zwi\u0105zanej pianki idealnie<strong> nadaje si\u0119 do klejenia, mocowania, izolowania, wyg\u0142uszania, uszczelniania i za\u015blepiania.<\/strong><br \/>\nZastosowana w sk\u0142adzie materia\u0142u specjalna mieszanka propelent\u00f3w powoduje, \u017ce mo\u017ce by\u0107 on stosowany <strong>nawet w temperaturach otoczenia do -10\u00b0C.<\/strong> Ponadto struktura jednolitych kom\u00f3rek, g\u0142\u00f3wnie zamkni\u0119tych, nadaje utwardzonej piance <strong>w\u0142a\u015bciwo\u015bci termoizolacyjne i d\u017awi\u0119koszczelne<\/strong> (patrz raporty z bada\u0144 Istituto Masini 1016-2008 z 31.03.2008 i IFT 16732059 z 22.09.2006), zgodnie z IEC 64-8, art. 511.1.<br \/>\nPianka doskonale<strong> wi\u0105\u017ce do drewna, betonu, ceg\u0142y, azbestocementu, metalu, szk\u0142a i plastiku z wyj\u0105tkiem polietylenu, teflonu i silikonu.<\/strong> Utwardzona pianka mo\u017ce by\u0107 ci\u0119ta, wiercona, szlifowana, malowana, tynkowana. Produkt posiada certyfikat EC 1 Plus wydany przez GEV w zakresie bardzo niskiej emisji lotnych substancji organicznych.<\/p>\n<p><img decoding=\"async\" class=\"alignnone size-medium wp-image-22422\" src=\"http:\/\/sklep.jmd24.pl\/wp-content\/uploads\/2025\/12\/ec1-300x106.png\" alt=\"\" width=\"300\" height=\"106\" srcset=\"https:\/\/sklep.jmd24.pl\/wp-content\/uploads\/2025\/12\/ec1-300x106.png 300w, https:\/\/sklep.jmd24.pl\/wp-content\/uploads\/2025\/12\/ec1-364x130.png 364w, https:\/\/sklep.jmd24.pl\/wp-content\/uploads\/2025\/12\/ec1.png 369w\" sizes=\"(max-width: 300px) 100vw, 300px\" \/><\/p>\n<p>\u2022 Mocowanie o\u015bcie\u017cnic drzwiowych i okiennych<br \/>\n\u2022 Uszczelnianie o\u015bcie\u017cnic okiennych i drzwiowych<br \/>\n\u2022 Wyg\u0142uszanie karoserii samochodowych<br \/>\n\u2022 Izolacja rur<br \/>\n\u2022 Za\u015blepianie szczelin mi\u0119dzy rurami i \u015bcianami<br \/>\n\u2022 Wype\u0142nianie szczelin pomi\u0119dzy szczytami \u015bcianek dzia\u0142owych a sufitem<br \/>\n\u2022 Wyg\u0142uszanie i izolacja cieplna<\/p>\n<p><strong>Pianka WINDOW &amp; DOOR mo\u017ce by\u0107 stosowana do mocowania przewod\u00f3w elektrycznych i puszek \u0142\u0105czeniowych, poniewa\u017c pozytywnie przesz\u0142a test odporno\u015bci \u2013 przej\u015bcie drutu \u017carz\u0105cego si\u0119 w temperaturze 850\u00b0C (CEI EN 60695-2-11, certyfikat dost\u0119pny na \u017cyczenie).<\/strong><\/p>\n<p><strong>WYDAJNO\u015a\u0106<\/strong><br \/>\nSwobodne rozpr\u0119\u017canie: do 45 litr\u00f3w<br \/>\nRozpr\u0119\u017cania w ograniczonej przestrzeni: do 35 litr\u00f3w.<br \/>\nPodane warto\u015bci odnosz\u0105 si\u0119 do warunk\u00f3w laboratoryjnych i mog\u0105 si\u0119 znacznie r\u00f3\u017cni\u0107 w zale\u017cno\u015bci od rzeczywistego<br \/>\nzastosowania i warunk\u00f3w otoczenia.<\/p>\n<p><strong>PAKOWANIE<\/strong><br \/>\nPianka poliuretanowa WINDOW &amp; DOOR do aplikacji pistoletowej w puszkach o pojemno\u015bci 750ml pakowanych po<br \/>\n12szt. w kartony. Po 42 kartony na palecie.<\/p>\n<p><strong>CZYSZCZENIE ZABRUDZE\u0143<\/strong><br \/>\n\u015alady nieutwardzonej pianki, np. na ubraniach, narz\u0119dziach itp. <a href=\"https:\/\/sklep.jmd24.pl\/index.php\/produkt\/srodek-czyszczacy-do-pianki-poliuretanowej-500ml\/\">mo\u017cna czy\u015bci\u0107 rozpuszczalnikiem do pianek PUR.<\/a><br \/>\nStwardnia\u0142\u0105 pian\u0119 mo\u017cna usun\u0105\u0107 tylko mechanicznie (skrobanie lub szlifowanie).<br \/>\n<a href=\"https:\/\/sklep.jmd24.pl\/index.php\/produkt\/srodek-czyszczacy-do-pianki-poliuretanowej-500ml\/\"><strong>Czy\u015bcik dost\u0119pny w sklepie.<\/strong><\/a><\/p>\n<p><img decoding=\"async\" class=\" wp-image-22374 alignleft\" src=\"http:\/\/sklep.jmd24.pl\/wp-content\/uploads\/2025\/12\/pdf.png\" alt=\"\" width=\"43\" height=\"51\" \/><\/p>\n<p><a href=\"http:\/\/sklep.jmd24.pl\/wp-content\/uploads\/2025\/12\/KARTA-TECHNICZNA-2.pdf\">KARTA TECHNICZNA<\/a><br \/>\n<a href=\"http:\/\/sklep.jmd24.pl\/wp-content\/uploads\/2025\/12\/LICENCJA-EMICODE.pdf\">LICENCJA EMICODE<\/a><\/p>\n","protected":false},"excerpt":{"rendered":"<p><strong>Ca\u0142oroczna, niskorozpr\u0119\u017cna poliuretanowa pianka monta\u017cowa PU do mocowania i uszczelniania okien i drzwi oraz do mocowa\u0144 i wype\u0142nie\u0144 budowlanych.<\/strong><\/p>\n<ul>\n<li>Do stosowania w temperaturach od -10\u00b0C do +35\u00b0C<\/li>\n<li>Idealna do izolacji termicznej i akustycznej<\/li>\n<li>Wodoodporna<\/li>\n<li>Wydajno\u015b\u0107 do 45 litr\u00f3w z puszki 750ml.<\/li>\n<\/ul>\n<p><strong>\u00a0<\/strong><\/p>\n","protected":false},"featured_media":22421,"template":"","meta":[],"product_brand":[154],"product_cat":[153],"product_tag":[],"class_list":{"0":"post-22420","1":"product","2":"type-product","3":"status-publish","4":"has-post-thumbnail","6":"product_brand-torggler","7":"product_cat-piany","9":"first","10":"instock","11":"taxable","12":"shipping-taxable","13":"purchasable","14":"product-type-simple"},"jetpack_sharing_enabled":true,"_links":{"self":[{"href":"https:\/\/sklep.jmd24.pl\/index.php\/wp-json\/wp\/v2\/product\/22420","targetHints":{"allow":["GET"]}}],"collection":[{"href":"https:\/\/sklep.jmd24.pl\/index.php\/wp-json\/wp\/v2\/product"}],"about":[{"href":"https:\/\/sklep.jmd24.pl\/index.php\/wp-json\/wp\/v2\/types\/product"}],"wp:featuredmedia":[{"embeddable":true,"href":"https:\/\/sklep.jmd24.pl\/index.php\/wp-json\/wp\/v2\/media\/22421"}],"wp:attachment":[{"href":"https:\/\/sklep.jmd24.pl\/index.php\/wp-json\/wp\/v2\/media?parent=22420"}],"wp:term":[{"taxonomy":"product_brand","embeddable":true,"href":"https:\/\/sklep.jmd24.pl\/index.php\/wp-json\/wp\/v2\/product_brand?post=22420"},{"taxonomy":"product_cat","embeddable":true,"href":"https:\/\/sklep.jmd24.pl\/index.php\/wp-json\/wp\/v2\/product_cat?post=22420"},{"taxonomy":"product_tag","embeddable":true,"href":"https:\/\/sklep.jmd24.pl\/index.php\/wp-json\/wp\/v2\/product_tag?post=22420"}],"curies":[{"name":"wp","href":"https:\/\/api.w.org\/{rel}","templated":true}]}}