{"id":22400,"date":"2025-12-27T08:22:23","date_gmt":"2025-12-27T07:22:23","guid":{"rendered":"https:\/\/sklep.jmd24.pl\/?post_type=product&#038;p=22400"},"modified":"2025-12-27T08:35:27","modified_gmt":"2025-12-27T07:35:27","slug":"klej-w-piance-do-mocowania-styroduru-lub-styropianu-rowniez-grafitowego-termo-premium","status":"publish","type":"product","link":"https:\/\/sklep.jmd24.pl\/index.php\/produkt\/klej-w-piance-do-mocowania-styroduru-lub-styropianu-rowniez-grafitowego-termo-premium\/","title":{"rendered":"Klej w piance do mocowania styroduru lub styropianu (r\u00f3wnie\u017c grafitowego) TERMO PREMIUM 750ml."},"content":{"rendered":"<p><img fetchpriority=\"high\" decoding=\"async\" class=\"size-medium wp-image-22402 alignleft\" src=\"http:\/\/sklep.jmd24.pl\/wp-content\/uploads\/2025\/12\/106-1920x0-c-default-300x300.jpg\" alt=\"\" width=\"300\" height=\"300\" srcset=\"https:\/\/sklep.jmd24.pl\/wp-content\/uploads\/2025\/12\/106-1920x0-c-default-300x300.jpg 300w, https:\/\/sklep.jmd24.pl\/wp-content\/uploads\/2025\/12\/106-1920x0-c-default-1024x1024.jpg 1024w, https:\/\/sklep.jmd24.pl\/wp-content\/uploads\/2025\/12\/106-1920x0-c-default-150x150.jpg 150w, https:\/\/sklep.jmd24.pl\/wp-content\/uploads\/2025\/12\/106-1920x0-c-default-768x768.jpg 768w, https:\/\/sklep.jmd24.pl\/wp-content\/uploads\/2025\/12\/106-1920x0-c-default-1536x1536.jpg 1536w, https:\/\/sklep.jmd24.pl\/wp-content\/uploads\/2025\/12\/106-1920x0-c-default-1320x1320.jpg 1320w, https:\/\/sklep.jmd24.pl\/wp-content\/uploads\/2025\/12\/106-1920x0-c-default-650x650.jpg 650w, https:\/\/sklep.jmd24.pl\/wp-content\/uploads\/2025\/12\/106-1920x0-c-default-100x100.jpg 100w, https:\/\/sklep.jmd24.pl\/wp-content\/uploads\/2025\/12\/106-1920x0-c-default.jpg 1920w\" sizes=\"(max-width: 300px) 100vw, 300px\" \/><\/p>\n<p>Najbardziej znany i popularny klej poliuretanowy w pianie TERMO doczeka\u0142 si\u0119 swojej jeszcze lepszej wersji o rozszerzonym dzia\u0142aniu. <strong>Zachowuj\u0105c jako\u015b\u0107 i wszystkie cechy piany TERMO, nowa TERMO PREMIUM jest ca\u0142oroczna<\/strong> z mo\u017cliwo\u015bci\u0105 stosowania <strong>nawet w ujemnych temperaturach od -5 C<\/strong>. Dodatkowo wyr\u00f3\u017cnia si\u0119\u00a0 mo\u017cliwo\u015bci\u0105 stosowania do dach\u00f3w p\u0142askich z mocowaniem mechanicznym, a tak\u017ce posiada wyd\u0142u\u017cony czas przydatno\u015bci do 24 miesi\u0119cy.<br \/>\nJest ju\u017c dost\u0119pna w sprzeda\u017cy, wi\u0119c o ofert\u0119 i szczeg\u00f3\u0142owe informacje pytaj naszych handlowc\u00f3w!<\/p>\n<p>Specjalistyczny<strong> niskorozpr\u0119\u017cny wydajny klej poliuretanowy o szybkim twardnieniu.<\/strong><br \/>\nDo mocowania <strong>styropianu (EPS) bia\u0142ego i grafitowego lub styroduru (XPS)<\/strong> w systemach ocieple\u0144 budynk\u00f3w \u2013 \u015bcian, fundament\u00f3w i dach\u00f3w p\u0142askich (z mocowaniem mechanicznym).<br \/>\nNa pod\u0142o\u017cu z: <strong>betonu, ceg\u0142y, pustak\u00f3w, tynk\u00f3w wapienno-cementowych, cementowych i gipsowych oraz innych nietypowych pod\u0142o\u017cach<\/strong> jak: OSB, drewno, papa bitumiczna, hydroizolacje z materia\u0142\u00f3w bitumicznych, blachy ocynkowane i malowane.<br \/>\n<strong>Klej mo\u017cna stosowa\u0107 ca\u0142orocznie przy temperaturze otoczenia do -5\u00b0C. Wodo- i mrozoodporny.<br \/>\n<\/strong><\/p>\n<p><strong><img decoding=\"async\" class=\"alignnone size-medium wp-image-22403\" src=\"http:\/\/sklep.jmd24.pl\/wp-content\/uploads\/2025\/12\/Zrzut-ekranu-2025-12-27-081925-300x69.png\" alt=\"\" width=\"300\" height=\"69\" srcset=\"https:\/\/sklep.jmd24.pl\/wp-content\/uploads\/2025\/12\/Zrzut-ekranu-2025-12-27-081925-300x69.png 300w, https:\/\/sklep.jmd24.pl\/wp-content\/uploads\/2025\/12\/Zrzut-ekranu-2025-12-27-081925.png 495w\" sizes=\"(max-width: 300px) 100vw, 300px\" \/><\/strong><\/p>\n<p>Specjalna formu\u0142a pianki zapewnia:<\/p>\n<p>\u2022 mo\u017cliwo\u015b\u0107 aplikacji w szerokim zakresie temperatur od -5\u00b0C do +30\u00b0C<br \/>\n\u2022 podwy\u017cszon\u0105 wytrzyma\u0142o\u015b\u0107 na uszkodzenia i stabilno\u015b\u0107 wymiarow\u0105<br \/>\n\u2022 skr\u00f3cenie czasu prac mocowania p\u0142yt ocieplenia o 30 &#8211; 40%<br \/>\n\u2022 elastyczne klejenie materia\u0142\u00f3w ocieplaj\u0105cych i d\u017awi\u0119koch\u0142onnych<br \/>\n\u2022 zwi\u0119kszone sumaryczne w\u0142a\u015bciwo\u015bci ciep\u0142ochronne systemu<strong><br \/>\n<\/strong><\/p>\n<p><strong>RODZAJE POD\u0141O\u017bY<\/strong><br \/>\n<strong>Klej poliuretanowy TERMO PREMIUM jest przeznaczony do mocowania izolacji ze styropianu (EPS) bia\u0142ego i <\/strong><br \/>\n<strong>grafitowego oraz styroduru (XPS) do:<\/strong><\/p>\n<ul>\n<li>pod\u0142o\u017cy mineralnych (betonowych, ceramicznych, silikatowych i z betonu kom\u00f3rkowego), przy ocieplaniu<br \/>\nbudynk\u00f3w metod\u0105 bezspoinow\u0105 (ETICS), przy czym p\u0142yty z polistyrenu ekstrudowanego (XPS) powinny<br \/>\nby\u0107 jednocze\u015bnie mocowane mechanicznie<\/li>\n<li>powierzchni fundament\u00f3w i podziemnych cz\u0119\u015bci budynk\u00f3w i budowli, pokrytych mas\u0105 hydroizolacyjn\u0105 na<br \/>\nbazie asfaltu, pap\u0105 asfaltow\u0105 lub pod\u0142o\u017cy mineralnych (betonowych, ceramicznych, silikatowych i z betonu<br \/>\nkom\u00f3rkowego), przy wykonywaniu obwodowej izolacji cieplnej<\/li>\n<li>dach\u00f3w p\u0142askich, pokrytych pap\u0105 asfaltow\u0105 lub blach\u0105 stalow\u0105 ocynkowan\u0105, przy wykonywaniu izolacji<br \/>\ncieplnej dach\u00f3w, przy czym p\u0142yty nale\u017cy jednocze\u015bnie mocowa\u0107 mechanicznie<\/li>\n<li>pod\u0142o\u017cy drewnianych, z p\u0142yt OSB, blachy stalowej ocynkowanej, blachy stalowej ocynkowanej z pow\u0142ok\u0105<br \/>\norganiczn\u0105 lub z papy asfaltowej, w zastosowaniach zewn\u0119trznych, z wy\u0142\u0105czeniem dach\u00f3w p\u0142askich (kt\u00f3re<br \/>\nmusza by\u0107 mocowane mechanicznie).<\/li>\n<li>S\u0142u\u017cy r\u00f3wnie\u017c do szybkiego: murowania \u015bcian wype\u0142niaj\u0105cych oraz mocowania stolarki okiennej,<br \/>\ndrzwiowej i parapet\u00f3w z konglomerat\u00f3w, drewnopochodnych i metalowych wewn\u0105trz i zewn\u0119trznych<br \/>\nbudynk\u00f3w. Mo\u017cna wykona\u0107 r\u00f3wnie\u017c warstwy d\u017awi\u0119koch\u0142onne, mocowanie przewod\u00f3w, izolowanie rur i<br \/>\nkana\u0142\u00f3w instalacyjnych oraz ich przej\u015b\u0107 przez przegrody budowlaneKlejem mo\u017cna tak\u017ce mocowa\u0107 p\u0142yty: g\/k, osb, farmacell, minerit itp. oraz poliuretan (PU), we\u0142n\u0119 mineraln\u0105<br \/>\ni szklan\u0105 oraz korek.<\/li>\n<\/ul>\n<p><img decoding=\"async\" class=\" wp-image-22374 alignleft\" src=\"http:\/\/sklep.jmd24.pl\/wp-content\/uploads\/2025\/12\/pdf.png\" alt=\"\" width=\"50\" height=\"61\" \/><a href=\"http:\/\/sklep.jmd24.pl\/wp-content\/uploads\/2025\/12\/KARTA-TECHNICZNA-1.pdf\">KARTA TECHNICZNA<\/a><br \/>\n<a href=\"http:\/\/sklep.jmd24.pl\/wp-content\/uploads\/2025\/12\/KRAJOWA-DEKLARACJA-WLASCIWOSCI-UZYTKOWYCH.pdf\">KRAJOWA DEKLARACJA W\u0141A\u015aCIWO\u015aCI U\u017bYTKOWYCH<\/a><\/p>\n","protected":false},"excerpt":{"rendered":"<p><strong>Poliuretanowy klej w piance do mocowania styroduru lub styropianu (r\u00f3wnie\u017c grafitowego)\u00a0 na \u015bcianach, fundamentach oraz na dachach p\u0142askich.<\/strong><\/p>\n<ul>\n<li>Do stosowania w temp. otoczenia od -5\u00b0C do +30\u00b0C<\/li>\n<li>Specjalistyczny niskorozpr\u0119\u017cny klej poliuretanowy o szybkim twardnieniu<\/li>\n<li>Na fundamentach i podziemnych cz\u0119\u015bciach budynk\u00f3w i budowli<\/li>\n<li>Na dachach p\u0142askich z mocowaniem mechanicznym<\/li>\n<li>Do stosowania szczeg\u00f3lnie w sezonie jesienno-wiosennym<\/li>\n<li>W przypadku papy i blachy ocynkowanej w temp. pod\u0142o\u017ca do +60\u00b0CWersja: Pistoletowa<br \/>\nKolor: \u017c\u00f3\u0142ty<br \/>\nOpakowanie: 12&#215;750 ml w kartonie<br \/>\nPaleta: 780szt 65 karton\u00f3w<\/li>\n<\/ul>\n","protected":false},"featured_media":22405,"template":"","meta":[],"product_brand":[154],"product_cat":[153],"product_tag":[],"class_list":{"0":"post-22400","1":"product","2":"type-product","3":"status-publish","4":"has-post-thumbnail","6":"product_brand-torggler","7":"product_cat-piany","9":"first","10":"instock","11":"taxable","12":"shipping-taxable","13":"purchasable","14":"product-type-simple"},"jetpack_sharing_enabled":true,"_links":{"self":[{"href":"https:\/\/sklep.jmd24.pl\/index.php\/wp-json\/wp\/v2\/product\/22400","targetHints":{"allow":["GET"]}}],"collection":[{"href":"https:\/\/sklep.jmd24.pl\/index.php\/wp-json\/wp\/v2\/product"}],"about":[{"href":"https:\/\/sklep.jmd24.pl\/index.php\/wp-json\/wp\/v2\/types\/product"}],"wp:featuredmedia":[{"embeddable":true,"href":"https:\/\/sklep.jmd24.pl\/index.php\/wp-json\/wp\/v2\/media\/22405"}],"wp:attachment":[{"href":"https:\/\/sklep.jmd24.pl\/index.php\/wp-json\/wp\/v2\/media?parent=22400"}],"wp:term":[{"taxonomy":"product_brand","embeddable":true,"href":"https:\/\/sklep.jmd24.pl\/index.php\/wp-json\/wp\/v2\/product_brand?post=22400"},{"taxonomy":"product_cat","embeddable":true,"href":"https:\/\/sklep.jmd24.pl\/index.php\/wp-json\/wp\/v2\/product_cat?post=22400"},{"taxonomy":"product_tag","embeddable":true,"href":"https:\/\/sklep.jmd24.pl\/index.php\/wp-json\/wp\/v2\/product_tag?post=22400"}],"curies":[{"name":"wp","href":"https:\/\/api.w.org\/{rel}","templated":true}]}}