{"id":22364,"date":"2025-12-25T11:35:05","date_gmt":"2025-12-25T10:35:05","guid":{"rendered":"http:\/\/sklep.jmd24.pl\/?post_type=product&#038;p=22364"},"modified":"2025-12-25T18:45:47","modified_gmt":"2025-12-25T17:45:47","slug":"black-hydro-spray","status":"publish","type":"product","link":"https:\/\/sklep.jmd24.pl\/index.php\/produkt\/black-hydro-spray\/","title":{"rendered":"Black Hydro Spray"},"content":{"rendered":"<p><img fetchpriority=\"high\" decoding=\"async\" class=\"alignleft\" src=\"https:\/\/a.allegroimg.com\/original\/11489a\/2a6843304b43860ff58ca7930493\/MASA-BITUMICZNA-TORGGLER-CZARNY-0-5-L-HYDRO-SPRAY-HYDROIZOLACJA-BITUMICZNA-EAN-GTIN-8030334080708\" alt=\"MASA BITUMICZNA TORGGLER CZARNY 0,5 L HYDRO SPRAY HYDROIZOLACJA BITUMICZNA EAN (GTIN) 8030334080708\" width=\"495\" height=\"495\" \/>OCHRONA PRZED WOD\u0104 I WILGOCI\u0104<\/p>\n<p><b>Hydroizolacyjna pow\u0142oka bitumiczna w sprayu<\/b>\u00a0to gotowy do u\u017cycia \u015brodek na bazie bitumu i rozpuszczalnik\u00f3w, przeznaczony do szybkiego i skutecznego zabezpieczania powierzchni przed dzia\u0142aniem wody, wilgoci oraz korozji. Dzi\u0119ki formie aerozolu zapewnia \u0142atw\u0105 aplikacj\u0119 nawet w trudno dost\u0119pnych miejscach. Charakteryzuje si\u0119 doskona\u0142\u0105<b>\u00a0przyczepno\u015bci\u0105\u00a0<\/b>do powierzchni o dowolnym kszta\u0142cie \u2013 r\u00f3wnie\u017c nier\u00f3wnych i trudno dost\u0119pnych.<\/p>\n<p>Nadaje si\u0119 do wszystkich rodzaj\u00f3w pod\u0142o\u017cy, w tym:<\/p>\n<p><strong>&#8211; metalu<\/strong><br \/>\n<strong>&#8211; betonu<\/strong><br \/>\n<strong>&#8211; plastiku (PCV)<\/strong><br \/>\n<strong>&#8211; drewna<\/strong><\/p>\n<p>Do najwa\u017cniejszych cech produktu nale\u017c\u0105: doskona\u0142a przyczepno\u015b\u0107; elastyczno\u015b\u0107 i trwa\u0142o\u015b\u0107;\u00a0<b>odporno\u015b\u0107 na czynniki atmosferyczne<\/b>; szybkoschn\u0105ca formu\u0142a;<b>\u00a0dzia\u0142anie antykorozyjne<\/b>\u00a0oraz mo\u017cliwo\u015b\u0107 stosowania preparatu do u\u017cytku\u00a0<b>zewn\u0119trznego i wewn\u0119trznego.<\/b><\/p>\n<p>&nbsp;<\/p>\n<p><img decoding=\"async\" class=\"alignright\" src=\"https:\/\/a.allegroimg.com\/original\/1111e6\/6c3b3c21449ba36bb30bbeb09808\/MASA-BITUMICZNA-TORGGLER-CZARNY-0-5-L-HYDRO-SPRAY-HYDROIZOLACJA-BITUMICZNA-Kod-producenta-8070\" alt=\"MASA BITUMICZNA TORGGLER CZARNY 0,5 L HYDRO SPRAY HYDROIZOLACJA BITUMICZNA Kod producenta 8070\" width=\"484\" height=\"484\" \/><\/p>\n<p><b>Idealny do uszczelniania i zabezpieczania:<\/b><\/p>\n<ul>\n<li>przeciekaj\u0105cych dach\u00f3w i rynien<\/li>\n<li>powierzchni tarasowych<\/li>\n<li>\u015bwietlik\u00f3w dachowych<\/li>\n<li>rur spustowych z PCV lub metalu<\/li>\n<li>przewod\u00f3w wentylacyjnych i klimatyzacyjnych<\/li>\n<li>paneli s\u0142onecznych i maszt\u00f3w antenowych przechodz\u0105cych przez dach<\/li>\n<li>blach i obr\u00f3bek blacharskich<\/li>\n<li>materia\u0142\u00f3w portowych i element\u00f3w nasi\u0105kliwych<\/li>\n<\/ul>\n<p><b>Sprawdza si\u0119 tak\u017ce w zabezpieczeniach hydroizolacyjnych:<\/b><\/p>\n<ul>\n<li>most\u00f3w i wiadukt\u00f3w<\/li>\n<li>dach\u00f3w przemys\u0142owych i hal<\/li>\n<li>filar\u00f3w i konstrukcji stalowych<\/li>\n<li>zbiornik\u00f3w przemys\u0142owych<\/li>\n<li>ram maszyn rolniczych<\/li>\n<li>nadwozi samochodowych i przyczep<br \/>\n<h5><a href=\"http:\/\/sklep.jmd24.pl\/wp-content\/uploads\/2025\/12\/Karta_Techniczna_Black_Hydro_Spray.pdf\"><img decoding=\"async\" class=\"alignnone wp-image-22374\" src=\"http:\/\/sklep.jmd24.pl\/wp-content\/uploads\/2025\/12\/pdf.png\" alt=\"\" width=\"44\" height=\"53\" \/> POBIERZ\u00a0 KARTE TECHNICZN\u0104<\/a><strong>\u00a0<\/strong><\/h5>\n<\/li>\n<\/ul>\n<p><iframe title=\"Black Hydro Spray - Bitum w sprayu dla ka\u017cdego\" width=\"640\" height=\"360\" src=\"https:\/\/www.youtube.com\/embed\/V-tuvNfbjzo?feature=oembed\" frameborder=\"0\" allow=\"accelerometer; autoplay; clipboard-write; encrypted-media; gyroscope; picture-in-picture; web-share\" referrerpolicy=\"strict-origin-when-cross-origin\" allowfullscreen><\/iframe><\/p>\n","protected":false},"excerpt":{"rendered":"<p><strong>Hydroizolacyjna pow\u0142oka bitumiczna rozpuszczalnikowa w sprayu o <b>wszechstronnym zastosowaniu,<\/b>\u00a0kt\u00f3ry dzi\u0119ki swojej uniwersalno\u015bci staje si\u0119 niezast\u0105pionym rozwi\u0105zaniem przy wielu pracach\u00a0<b>monta\u017cowych, naprawczych i uszczelniaj\u0105cych.<\/b><\/strong><\/p>\n<ul>\n<li>Ilo\u015b\u0107: <b>1 szt.<\/b><\/li>\n<li>Pojemno\u015b\u0107:<b>\u00a0500 ml<br \/>\n<\/b><\/li>\n<li><strong>Zu\u017cycie: ok. 4 m<sup>2<\/sup>\/z puszki.<\/strong><b><\/b><\/li>\n<li>Forma:\u00a0<b>Czarna pasta<\/b><\/li>\n<li>Czas schni\u0119cia:\u00a0<b>60 \u2013 240 minut<\/b><\/li>\n<li>Temperatura aplikacji:<b>\u00a0od +50C do +350C<\/b><\/li>\n<li><\/li>\n<\/ul>\n","protected":false},"featured_media":22365,"template":"","meta":[],"product_brand":[154],"product_cat":[142],"product_tag":[],"class_list":{"0":"post-22364","1":"product","2":"type-product","3":"status-publish","4":"has-post-thumbnail","6":"product_brand-torggler","7":"product_cat-hydroizolacje","9":"first","10":"instock","11":"taxable","12":"shipping-taxable","13":"purchasable","14":"product-type-simple"},"jetpack_sharing_enabled":true,"_links":{"self":[{"href":"https:\/\/sklep.jmd24.pl\/index.php\/wp-json\/wp\/v2\/product\/22364","targetHints":{"allow":["GET"]}}],"collection":[{"href":"https:\/\/sklep.jmd24.pl\/index.php\/wp-json\/wp\/v2\/product"}],"about":[{"href":"https:\/\/sklep.jmd24.pl\/index.php\/wp-json\/wp\/v2\/types\/product"}],"wp:featuredmedia":[{"embeddable":true,"href":"https:\/\/sklep.jmd24.pl\/index.php\/wp-json\/wp\/v2\/media\/22365"}],"wp:attachment":[{"href":"https:\/\/sklep.jmd24.pl\/index.php\/wp-json\/wp\/v2\/media?parent=22364"}],"wp:term":[{"taxonomy":"product_brand","embeddable":true,"href":"https:\/\/sklep.jmd24.pl\/index.php\/wp-json\/wp\/v2\/product_brand?post=22364"},{"taxonomy":"product_cat","embeddable":true,"href":"https:\/\/sklep.jmd24.pl\/index.php\/wp-json\/wp\/v2\/product_cat?post=22364"},{"taxonomy":"product_tag","embeddable":true,"href":"https:\/\/sklep.jmd24.pl\/index.php\/wp-json\/wp\/v2\/product_tag?post=22364"}],"curies":[{"name":"wp","href":"https:\/\/api.w.org\/{rel}","templated":true}]}}