{"id":22350,"date":"2025-12-24T12:13:57","date_gmt":"2025-12-24T11:13:57","guid":{"rendered":"https:\/\/sklep.jmd24.pl\/?post_type=product&#038;p=22350"},"modified":"2025-12-27T08:36:38","modified_gmt":"2025-12-27T07:36:38","slug":"panel-f-piana-do-mocowania-plyt-gipsowo-kartonowych-i-plyt-izolacyjnych","status":"publish","type":"product","link":"https:\/\/sklep.jmd24.pl\/index.php\/produkt\/panel-f-piana-do-mocowania-plyt-gipsowo-kartonowych-i-plyt-izolacyjnych\/","title":{"rendered":"Piana do mocowania p\u0142yt gipsowo-kartonowych i p\u0142yt izolacyjnych 750ml."},"content":{"rendered":"<p><img fetchpriority=\"high\" decoding=\"async\" class=\" wp-image-22388 alignleft\" src=\"http:\/\/sklep.jmd24.pl\/wp-content\/uploads\/2025\/12\/Panel-F-300x298.jpg\" alt=\"\" width=\"413\" height=\"411\" srcset=\"https:\/\/sklep.jmd24.pl\/wp-content\/uploads\/2025\/12\/Panel-F-300x298.jpg 300w, https:\/\/sklep.jmd24.pl\/wp-content\/uploads\/2025\/12\/Panel-F-1024x1019.jpg 1024w, https:\/\/sklep.jmd24.pl\/wp-content\/uploads\/2025\/12\/Panel-F-150x150.jpg 150w, https:\/\/sklep.jmd24.pl\/wp-content\/uploads\/2025\/12\/Panel-F-768x764.jpg 768w, https:\/\/sklep.jmd24.pl\/wp-content\/uploads\/2025\/12\/Panel-F-650x647.jpg 650w, https:\/\/sklep.jmd24.pl\/wp-content\/uploads\/2025\/12\/Panel-F-100x100.jpg 100w, https:\/\/sklep.jmd24.pl\/wp-content\/uploads\/2025\/12\/Panel-F.jpg 1315w\" sizes=\"(max-width: 413px) 100vw, 413px\" \/><br \/>\nPanel F to <strong>jednosk\u0142adnikowy, szybkowi\u0105\u017c\u0105cy, nisko rozpr\u0119\u017cny<\/strong> klej poliuretanowy (pocz\u0105tek wi\u0105zania ju\u017c po 3min).<br \/>\nZosta\u0142 specjalnie opracowany i przetestowany do klejenia p\u0142yt izolacyjnych systemu ocieple\u0144 ETICS.<br \/>\nDzi\u0119ki niskiej ekspansji po rozpr\u0119\u017ceniu (max do 20%) oraz wysokiej konsystencji i sile klejenia \u015bwie\u017co na\u0142o\u017conego kleju, mo\u017cliwe jest uk\u0142adanie p\u0142yt r\u00f3\u017cnych typ\u00f3w i grubo\u015bci, takich jak:<strong> EPS, XPS, PU, we\u0142na mineralna lub szklana itp. na r\u00f3\u017cnych pod\u0142o\u017cach (mineralnych, ceglanych, betonowych, gipsowych, drewnianych, metalowych, szklanych, plastikowych oraz pap bitumicznych<\/strong> \u2013 zgodnie z procedurami ETAG 004 dla izolacji termicznej. Wersja pistoletowa.<\/p>\n<div id=\"general-info\" class=\"single-product-panel product-infos collapse show\">\n<div class=\"product-infos__item\">\n<p><a href=\"http:\/\/sklep.jmd24.pl\/wp-content\/uploads\/2025\/12\/Licencja-EMICODE.pdf\">Licencja EMICODE <img decoding=\"async\" class=\"alignnone size-full wp-image-22387\" src=\"http:\/\/sklep.jmd24.pl\/wp-content\/uploads\/2025\/12\/PanelFCert.png\" alt=\"\" width=\"105\" height=\"106\" srcset=\"https:\/\/sklep.jmd24.pl\/wp-content\/uploads\/2025\/12\/PanelFCert.png 105w, https:\/\/sklep.jmd24.pl\/wp-content\/uploads\/2025\/12\/PanelFCert-100x100.png 100w\" sizes=\"(max-width: 105px) 100vw, 105px\" \/><\/a><\/p>\n<\/div>\n<\/div>\n","protected":false},"excerpt":{"rendered":"<p><strong>Szybkowi\u0105\u017c\u0105ca, nisko rozpr\u0119\u017cna, poliuretanowa pianka do mocowania p\u0142yt gipsowo-kartonowych i p\u0142yt izolacyjnych.<\/strong><\/p>\n<ul>\n<li><strong>Doskona\u0142a przyczepno\u015b\u0107<\/strong> do r\u00f3\u017cnych pod\u0142o\u017cy nawet nieporowatych<\/li>\n<li>Niezwykle <strong>szybki monta\u017c<\/strong>: ko\u0142kowanie po 2 godzinach wraz z tynkowaniem<\/li>\n<li>Skr\u00f3cenie czasu nawet o<strong> 30%<\/strong> w por\u00f3wnaniu z monta\u017cem na klej cementowy<\/li>\n<li>Znaczna <strong>redukcja koszt\u00f3w<\/strong> monta\u017cu.<\/li>\n<li><strong>Wydajno\u015b\u0107 oko\u0142o 12 m2<\/strong> p\u0142yt izolacyjnych z puszki<\/li>\n<li><strong>Zapobiega tworzeniu si\u0119 mostk\u00f3w termicznych<\/strong><\/li>\n<li><span style=\"font-size: 1rem;\">Wysoki poziom <strong>czysto\u015bci<\/strong> na placu budowy<br \/>\n<\/span><strong><span style=\"font-size: 1rem;\">Opakowanie 12&#215;750 ml<\/span><\/strong><\/li>\n<\/ul>\n","protected":false},"featured_media":22351,"template":"","meta":[],"product_brand":[154],"product_cat":[153],"product_tag":[],"class_list":{"0":"post-22350","1":"product","2":"type-product","3":"status-publish","4":"has-post-thumbnail","6":"product_brand-torggler","7":"product_cat-piany","9":"first","10":"instock","11":"taxable","12":"shipping-taxable","13":"purchasable","14":"product-type-simple"},"jetpack_sharing_enabled":true,"_links":{"self":[{"href":"https:\/\/sklep.jmd24.pl\/index.php\/wp-json\/wp\/v2\/product\/22350","targetHints":{"allow":["GET"]}}],"collection":[{"href":"https:\/\/sklep.jmd24.pl\/index.php\/wp-json\/wp\/v2\/product"}],"about":[{"href":"https:\/\/sklep.jmd24.pl\/index.php\/wp-json\/wp\/v2\/types\/product"}],"wp:featuredmedia":[{"embeddable":true,"href":"https:\/\/sklep.jmd24.pl\/index.php\/wp-json\/wp\/v2\/media\/22351"}],"wp:attachment":[{"href":"https:\/\/sklep.jmd24.pl\/index.php\/wp-json\/wp\/v2\/media?parent=22350"}],"wp:term":[{"taxonomy":"product_brand","embeddable":true,"href":"https:\/\/sklep.jmd24.pl\/index.php\/wp-json\/wp\/v2\/product_brand?post=22350"},{"taxonomy":"product_cat","embeddable":true,"href":"https:\/\/sklep.jmd24.pl\/index.php\/wp-json\/wp\/v2\/product_cat?post=22350"},{"taxonomy":"product_tag","embeddable":true,"href":"https:\/\/sklep.jmd24.pl\/index.php\/wp-json\/wp\/v2\/product_tag?post=22350"}],"curies":[{"name":"wp","href":"https:\/\/api.w.org\/{rel}","templated":true}]}}